{"id":30,"date":"2020-05-08T07:04:56","date_gmt":"2020-05-08T07:04:56","guid":{"rendered":"http:\/\/www.pasjarozwoju.pl\/?page_id=30"},"modified":"2020-05-13T12:25:38","modified_gmt":"2020-05-13T12:25:38","slug":"sprawcza-komunikacja","status":"publish","type":"page","link":"https:\/\/www.pasjarozwoju.pl\/index.php\/szkolenia-i-warsztaty\/sprawcza-komunikacja\/","title":{"rendered":""},"content":{"rendered":"\t\t<div data-elementor-type=\"wp-page\" data-elementor-id=\"30\" class=\"elementor elementor-30\" data-elementor-settings=\"[]\">\n\t\t\t\t\t\t<div class=\"elementor-inner\">\n\t\t\t\t\t\t\t<div class=\"elementor-section-wrap\">\n\t\t\t\t\t\t\t<section class=\"elementor-section elementor-top-section elementor-element elementor-element-282238fb elementor-section-boxed elementor-section-height-default elementor-section-height-default\" data-id=\"282238fb\" data-element_type=\"section\">\n\t\t\t\t\t\t<div class=\"elementor-container elementor-column-gap-default\">\n\t\t\t\t\t\t\t<div class=\"elementor-row\">\n\t\t\t\t\t<div class=\"elementor-column elementor-col-100 elementor-top-column elementor-element elementor-element-41e06fe5\" data-id=\"41e06fe5\" data-element_type=\"column\">\n\t\t\t<div class=\"elementor-column-wrap elementor-element-populated\">\n\t\t\t\t\t\t\t<div class=\"elementor-widget-wrap\">\n\t\t\t\t\t\t<div class=\"elementor-element elementor-element-1a468120 elementor-widget elementor-widget-text-editor\" data-id=\"1a468120\" data-element_type=\"widget\" data-widget_type=\"text-editor.default\">\n\t\t\t\t<div class=\"elementor-widget-container\">\n\t\t\t\t\t<div class=\"elementor-text-editor elementor-clearfix\"><p><!-- wp:list --><\/p>\n<ul>\n<li>Pragniesz by\u0107 wreszcie us\u0142yszany\/a?<\/li>\n<li>Nie wiesz w jaki spos\u00f3b przedstawia\u0107 swoje potrzeby, by by\u0142y one respektowane?<\/li>\n<li>Masz ju\u017c dosy\u0107 s\u0142ownych przepychanek?<\/li>\n<li>Nie czujesz si\u0119 dobrze z tym, \u017ce musisz krzykn\u0105\u0107, by kto\u015b zwr\u00f3ci\u0142 uwag\u0119 na to, co m\u00f3wisz?<\/li>\n<li>Jeste\u015b zm\u0119czony\/a obserwacj\u0105, \u017ce nawet najbli\u017csze Ci osoby, w d\u0142u\u017cszej perspektywie, nie bior\u0105 pod uwag\u0119 nieustannie powtarzanych przez Ciebie pr\u00f3\u015bb? Masz do\u015b\u0107 poczucia lekcewa\u017cenia przez nie?<\/li>\n<li>A mo\u017ce starci\u0142e\u015b\/a\u015b ju\u017c nadziej\u0119 na porozumienie z partnerem, partnerk\u0105, dzieckiem, szefem, wsp\u00f3\u0142pracownikiem lub podw\u0142adnym?<\/li>\n<li>Masz ju\u017c dosy\u0107 agresywnych s\u0142\u00f3w, kt\u00f3re us\u0142ysza\u0142e\u015b\/a\u015b o sobie i chcesz umie\u0107 na nie reagowa\u0107 tak, by nie da\u0107 si\u0119 zap\u0119dzi\u0107 w \u201ekozi r\u00f3g\u201d?<\/li>\n<li>Wycofujesz si\u0119 z rozmowy, gdy\u017c nie wiesz jak odm\u00f3wi\u0107, lub postawi\u0107 granic\u0119 zbyt natr\u0119tnym osobom, kt\u00f3re Ci\u0119 otaczaj\u0105?<\/li>\n<\/ul>\n<p><!-- \/wp:list --><\/p>\n<p><!-- wp:paragraph --><\/p>\n<p>Je\u015bli tak, to zapraszam Ci\u0119 na bardzo efektywne szkolenie:<\/p>\n<h2><span style=\"color: purple\">SPRAWCZA KOMUNIKACJA<\/span>\n<p color=\"purple\"><h3><b><\/b><\/h2>\n<p><!-- \/wp:heading --><\/p>\n<p><!-- wp:list --><\/p>\n<p>\u2013 Dzi\u0119ki praktycznym \u0107wiczeniom w nim zawartym, poznasz sze\u015b\u0107 konkretnych krok\u00f3w, kt\u00f3re poprowadz\u0105 Ci\u0119 do upragnionego celu, jakim jest poczucie bycia nareszcie wys\u0142uchanym i pos\u0142uchanym.<\/p>\n<p>\u2013 Jestem zorientowana na EFEKT, dlatego\u00a0 zale\u017cy mi, by przekaza\u0107 Ci wiedz\u0119 o mechanizmach, kt\u00f3re zar\u00f3wno buduj\u0105 proces porozumienia poprzez komunikacj\u0119, jak i tych, kt\u00f3re go rujnuj\u0105.<\/p>\n<p>\u2013 Szkolenie obfituje w szereg narz\u0119dzi, dzi\u0119ki kt\u00f3rym mo\u017cemy zg\u0142\u0119bi\u0107 i znale\u017a\u0107 rozwi\u0105zanie w Twoim konkretnym problemie komunikacyjnym i to na ka\u017cdej p\u0142aszczy\u017anie Twojego \u017cycia, czy to osobistej, czy zawodowej.<\/p>\n<p>\u2013 Poznasz zasady rozmowy, dzi\u0119ki kt\u00f3rym Twoje s\u0142owa b\u0119d\u0105 wzi\u0119te pod uwag\u0119 i oka\u017c\u0105 si\u0119 zobowi\u0105zuj\u0105ce do zmiany postawy Twojego partnera komunikacyjnego.<\/p>\n<p>\u2013 Dowiesz si\u0119, czy rzeczywi\u015bcie komunikacja to tylko s\u0142owa, kt\u00f3re s\u0142yszysz, b\u0105d\u017a wypowiadasz.<\/p>\n<p>\u2013 Poka\u017c\u0119 Ci w jaki spos\u00f3b zdoby\u0107 umiej\u0119tno\u015b\u0107 klarownego wyra\u017cania swoich opinii i oczekiwa\u0144.<\/p>\n<p>\u2013 B\u0119dziemy r\u00f3wnie\u017c praktykowa\u0107 zdolno\u015b\u0107 odmawiania i stawiania granic w spos\u00f3b, kt\u00f3ry nie tworzy mur\u00f3w mi\u0119dzy Tob\u0105, a Twoim rozm\u00f3wc\u0105.<\/p>\n<p><!-- \/wp:list --><\/p>\n<p><!-- wp:paragraph --><\/p>\n<p><strong>DLA KOGO?<\/strong><\/p>\n<p><!-- \/wp:paragraph --><\/p>\n<p><!-- wp:paragraph --><\/p>\n<p>Tre\u015bci i \u0107wiczenia zawarte w szkoleniu moi Klienci Z SUKCESAMI praktykowali w relacjach ze swoim parterem czy partnerk\u0105, m\u0119\u017cem, \u017con\u0105, dzieckiem, szefem i wsp\u00f3\u0142pracownikiem, rodzicem, te\u015bciem, te\u015bciow\u0105, przyjacielem, czy koleg\u0105.<\/p>\n<p><!-- \/wp:paragraph --><\/p>\n<p><!-- wp:paragraph --><\/p>\n<p>\u00a0Dlatego w\u0142a\u015bnie uj\u0119\u0142am narz\u0119dzia, kt\u00f3rymi si\u0119 dziel\u0119 podczas tego warsztatu w tytu\u0142: \u00a0SPRAWCZA KOMUNIKACJA.<\/p>\n<p><!-- \/wp:paragraph --><\/p><\/div>\n\t\t\t\t<\/div>\n\t\t\t\t<\/div>\n\t\t\t\t\t\t<\/div>\n\t\t\t\t\t<\/div>\n\t\t<\/div>\n\t\t\t\t\t\t\t\t<\/div>\n\t\t\t\t\t<\/div>\n\t\t<\/section>\n\t\t\t\t<section class=\"elementor-section elementor-top-section elementor-element elementor-element-626de04 elementor-section-boxed elementor-section-height-default elementor-section-height-default\" data-id=\"626de04\" data-element_type=\"section\">\n\t\t\t\t\t\t<div class=\"elementor-container elementor-column-gap-default\">\n\t\t\t\t\t\t\t<div class=\"elementor-row\">\n\t\t\t\t\t<div class=\"elementor-column elementor-col-100 elementor-top-column elementor-element elementor-element-a3b75f9\" data-id=\"a3b75f9\" data-element_type=\"column\">\n\t\t\t<div class=\"elementor-column-wrap elementor-element-populated\">\n\t\t\t\t\t\t\t<div class=\"elementor-widget-wrap\">\n\t\t\t\t\t\t<div class=\"elementor-element elementor-element-49b5c71 elementor-widget elementor-widget-wp-widget-wpforms-widget\" data-id=\"49b5c71\" data-element_type=\"widget\" data-widget_type=\"wp-widget-wpforms-widget.default\">\n\t\t\t\t<div class=\"elementor-widget-container\">\n\t\t\t<div class=\"wpforms-container wpforms-container-full\" id=\"wpforms-126\"><form id=\"wpforms-form-126\" class=\"wpforms-validate wpforms-form\" data-formid=\"126\" method=\"post\" enctype=\"multipart\/form-data\" action=\"\/index.php\/wp-json\/wp\/v2\/pages\/30\" data-token=\"2a99e48863a59225c4e479bcf0e6a108\"><div class=\"wpforms-head-container\"><div class=\"wpforms-title\">Zapytaj o szkolenie<\/div><\/div><noscript class=\"wpforms-error-noscript\">Please enable JavaScript in your browser to complete this form.<\/noscript><div class=\"wpforms-field-container\"><div id=\"wpforms-126-field_0-container\" class=\"wpforms-field wpforms-field-name\" data-field-id=\"0\"><label class=\"wpforms-field-label\" for=\"wpforms-126-field_0\">Imi\u0119 i nazwisko <span class=\"wpforms-required-label\">*<\/span><\/label><input type=\"text\" id=\"wpforms-126-field_0\" class=\"wpforms-field-medium wpforms-field-required\" name=\"wpforms[fields][0]\" required><\/div><div id=\"wpforms-126-field_1-container\" class=\"wpforms-field wpforms-field-email\" data-field-id=\"1\"><label class=\"wpforms-field-label\" for=\"wpforms-126-field_1\">Email <span class=\"wpforms-required-label\">*<\/span><\/label><input type=\"email\" id=\"wpforms-126-field_1\" class=\"wpforms-field-medium wpforms-field-required\" name=\"wpforms[fields][1]\" required><\/div><div id=\"wpforms-126-field_2-container\" class=\"wpforms-field wpforms-field-textarea\" data-field-id=\"2\"><label class=\"wpforms-field-label\" for=\"wpforms-126-field_2\">Wiadomo\u015b\u0107 <span class=\"wpforms-required-label\">*<\/span><\/label><textarea id=\"wpforms-126-field_2\" class=\"wpforms-field-medium wpforms-field-required\" name=\"wpforms[fields][2]\" required><\/textarea><\/div><\/div><div class=\"wpforms-field wpforms-field-hp\"><label for=\"wpforms-126-field-hp\" class=\"wpforms-field-label\">Website<\/label><input type=\"text\" name=\"wpforms[hp]\" id=\"wpforms-126-field-hp\" class=\"wpforms-field-medium\"><\/div><div class=\"wpforms-submit-container\" ><input type=\"hidden\" name=\"wpforms[id]\" value=\"126\"><input type=\"hidden\" name=\"wpforms[author]\" value=\"1\"><button type=\"submit\" name=\"wpforms[submit]\" class=\"wpforms-submit \" id=\"wpforms-submit-126\" value=\"wpforms-submit\" aria-live=\"assertive\" data-alt-text=\"Wysy\u0142anie...\" data-submit-text=\"Wy\u015blij\">Wy\u015blij<\/button><\/div><\/form><\/div>  <!-- .wpforms-container -->\t\t<\/div>\n\t\t\t\t<\/div>\n\t\t\t\t\t\t<\/div>\n\t\t\t\t\t<\/div>\n\t\t<\/div>\n\t\t\t\t\t\t\t\t<\/div>\n\t\t\t\t\t<\/div>\n\t\t<\/section>\n\t\t\t\t\t\t<\/div>\n\t\t\t\t\t\t<\/div>\n\t\t\t\t\t<\/div>\n\t\t","protected":false},"excerpt":{"rendered":"<p>Pragniesz by\u0107 wreszcie us\u0142yszany\/a? Nie wiesz w jaki spos\u00f3b przedstawia\u0107 swoje potrzeby, by by\u0142y one respektowane? Masz ju\u017c dosy\u0107 s\u0142ownych przepychanek? Nie czujesz si\u0119 dobrze z tym, \u017ce musisz krzykn\u0105\u0107, by kto\u015b zwr\u00f3ci\u0142 uwag\u0119 na to, co m\u00f3wisz? Jeste\u015b zm\u0119czony\/a obserwacj\u0105, \u017ce nawet najbli\u017csze Ci osoby, w d\u0142u\u017cszej perspektywie, nie bior\u0105 pod uwag\u0119 nieustannie powtarzanych przez Ciebie pr\u00f3\u015bb? Masz do\u015b\u0107 poczucia lekcewa\u017cenia przez nie? A mo\u017ce starci\u0142e\u015b\/a\u015b ju\u017c nadziej\u0119 na porozumienie z partnerem, partnerk\u0105, dzieckiem, szefem, wsp\u00f3\u0142pracownikiem lub podw\u0142adnym? Masz ju\u017c dosy\u0107 agresywnych s\u0142\u00f3w, kt\u00f3re us\u0142ysza\u0142e\u015b\/a\u015b o sobie i chcesz umie\u0107 na nie reagowa\u0107 tak, by nie da\u0107 si\u0119 zap\u0119dzi\u0107 w \u201ekozi r\u00f3g\u201d? Wycofujesz si\u0119 z rozmowy, gdy\u017c nie wiesz jak odm\u00f3wi\u0107, lub postawi\u0107 granic\u0119 zbyt natr\u0119tnym osobom, kt\u00f3re Ci\u0119 otaczaj\u0105? Je\u015bli tak, to zapraszam Ci\u0119 na bardzo efektywne szkolenie: SPRAWCZA KOMUNIKACJA \u2013 Dzi\u0119ki praktycznym \u0107wiczeniom w nim zawartym, poznasz sze\u015b\u0107 konkretnych krok\u00f3w, kt\u00f3re poprowadz\u0105 Ci\u0119 do upragnionego celu, jakim jest poczucie bycia nareszcie wys\u0142uchanym i pos\u0142uchanym. \u2013 Jestem zorientowana na EFEKT, dlatego\u00a0 zale\u017cy mi, by przekaza\u0107 Ci wiedz\u0119 o mechanizmach, kt\u00f3re zar\u00f3wno buduj\u0105 proces porozumienia poprzez komunikacj\u0119, jak i tych, kt\u00f3re go rujnuj\u0105. \u2013 Szkolenie obfituje w szereg narz\u0119dzi, dzi\u0119ki kt\u00f3rym mo\u017cemy zg\u0142\u0119bi\u0107 i znale\u017a\u0107 rozwi\u0105zanie w Twoim konkretnym problemie komunikacyjnym i to na ka\u017cdej p\u0142aszczy\u017anie Twojego \u017cycia, czy to osobistej, czy zawodowej. \u2013 Poznasz zasady rozmowy, dzi\u0119ki kt\u00f3rym Twoje s\u0142owa b\u0119d\u0105 wzi\u0119te pod uwag\u0119 i oka\u017c\u0105 si\u0119 zobowi\u0105zuj\u0105ce do zmiany postawy Twojego partnera komunikacyjnego. \u2013 Dowiesz si\u0119, czy rzeczywi\u015bcie komunikacja to tylko s\u0142owa, kt\u00f3re s\u0142yszysz, b\u0105d\u017a wypowiadasz. \u2013 Poka\u017c\u0119 Ci w jaki spos\u00f3b zdoby\u0107 umiej\u0119tno\u015b\u0107 klarownego wyra\u017cania swoich opinii i oczekiwa\u0144. \u2013 B\u0119dziemy r\u00f3wnie\u017c praktykowa\u0107 zdolno\u015b\u0107 odmawiania i stawiania granic w spos\u00f3b, kt\u00f3ry nie tworzy mur\u00f3w mi\u0119dzy Tob\u0105, a Twoim rozm\u00f3wc\u0105. DLA KOGO? Tre\u015bci i \u0107wiczenia zawarte w szkoleniu moi Klienci Z SUKCESAMI praktykowali w relacjach ze swoim parterem czy partnerk\u0105, m\u0119\u017cem, \u017con\u0105, dzieckiem, szefem i wsp\u00f3\u0142pracownikiem, rodzicem, te\u015bciem, te\u015bciow\u0105, przyjacielem, czy koleg\u0105. \u00a0Dlatego w\u0142a\u015bnie uj\u0119\u0142am narz\u0119dzia, kt\u00f3rymi si\u0119 dziel\u0119 podczas tego warsztatu w tytu\u0142: \u00a0SPRAWCZA KOMUNIKACJA.<\/p>\n","protected":false},"author":1,"featured_media":0,"parent":133,"menu_order":0,"comment_status":"closed","ping_status":"closed","template":"","meta":[],"_links":{"self":[{"href":"https:\/\/www.pasjarozwoju.pl\/index.php\/wp-json\/wp\/v2\/pages\/30"}],"collection":[{"href":"https:\/\/www.pasjarozwoju.pl\/index.php\/wp-json\/wp\/v2\/pages"}],"about":[{"href":"https:\/\/www.pasjarozwoju.pl\/index.php\/wp-json\/wp\/v2\/types\/page"}],"author":[{"embeddable":true,"href":"https:\/\/www.pasjarozwoju.pl\/index.php\/wp-json\/wp\/v2\/users\/1"}],"replies":[{"embeddable":true,"href":"https:\/\/www.pasjarozwoju.pl\/index.php\/wp-json\/wp\/v2\/comments?post=30"}],"version-history":[{"count":22,"href":"https:\/\/www.pasjarozwoju.pl\/index.php\/wp-json\/wp\/v2\/pages\/30\/revisions"}],"predecessor-version":[{"id":415,"href":"https:\/\/www.pasjarozwoju.pl\/index.php\/wp-json\/wp\/v2\/pages\/30\/revisions\/415"}],"up":[{"embeddable":true,"href":"https:\/\/www.pasjarozwoju.pl\/index.php\/wp-json\/wp\/v2\/pages\/133"}],"wp:attachment":[{"href":"https:\/\/www.pasjarozwoju.pl\/index.php\/wp-json\/wp\/v2\/media?parent=30"}],"curies":[{"name":"wp","href":"https:\/\/api.w.org\/{rel}","templated":true}]}}