{"id":34,"date":"2020-05-08T07:05:41","date_gmt":"2020-05-08T07:05:41","guid":{"rendered":"http:\/\/www.pasjarozwoju.pl\/?page_id=34"},"modified":"2020-05-15T12:20:21","modified_gmt":"2020-05-15T12:20:21","slug":"emocje-oswojone","status":"publish","type":"page","link":"https:\/\/www.pasjarozwoju.pl\/index.php\/szkolenia-i-warsztaty\/emocje-oswojone\/","title":{"rendered":""},"content":{"rendered":"\t\t<div data-elementor-type=\"wp-page\" data-elementor-id=\"34\" class=\"elementor elementor-34\" data-elementor-settings=\"[]\">\n\t\t\t\t\t\t<div class=\"elementor-inner\">\n\t\t\t\t\t\t\t<div class=\"elementor-section-wrap\">\n\t\t\t\t\t\t\t<section class=\"elementor-section elementor-top-section elementor-element elementor-element-289f0a81 elementor-section-boxed elementor-section-height-default elementor-section-height-default\" data-id=\"289f0a81\" data-element_type=\"section\">\n\t\t\t\t\t\t<div class=\"elementor-container elementor-column-gap-default\">\n\t\t\t\t\t\t\t<div class=\"elementor-row\">\n\t\t\t\t\t<div class=\"elementor-column elementor-col-100 elementor-top-column elementor-element elementor-element-3e033bc5\" data-id=\"3e033bc5\" data-element_type=\"column\">\n\t\t\t<div class=\"elementor-column-wrap elementor-element-populated\">\n\t\t\t\t\t\t\t<div class=\"elementor-widget-wrap\">\n\t\t\t\t\t\t<div class=\"elementor-element elementor-element-6772372b elementor-widget elementor-widget-text-editor\" data-id=\"6772372b\" data-element_type=\"widget\" data-widget_type=\"text-editor.default\">\n\t\t\t\t<div class=\"elementor-widget-container\">\n\t\t\t\t\t<div class=\"elementor-text-editor elementor-clearfix\"><p><!-- wp:list --><\/p>\n<ul>\n<li>Chcia\u0142by\u015b\/\u0142aby\u015b mie\u0107 poczucie, \u017ce Twoje emocje s\u0105 dla Ciebie wspieraj\u0105c\u0105 przestrzeni\u0105?<\/li>\n<li>Czujesz si\u0119 momentami zadziwiony\/na swoj\u0105 reakcj\u0105 na sytuacje, kt\u00f3re Ci si\u0119 przydarzaj\u0105, a emocje, kt\u00f3re Ci w\u00f3wczas towarzysz\u0105 s\u0105 zbyt trudne, by m\u00f3c je zaakceptowa\u0107?<\/li>\n<li>Planujesz nie zareagowa\u0107 w ten sam spos\u00f3b, w bardzo konkretnej sytuacji,\u00a0 ale to si\u0119 nie udaje i znowu wpadasz w pu\u0142apk\u0119: zdarzenie-reakcja-poczucie winy?<\/li>\n<li>\u00a0By\u0107 mo\u017ce Twoja emocjonalno\u015b\u0107 jawi Ci si\u0119 niczym nieokie\u0142znana rzeka i bywa, \u017ce nie wiesz z jakim nat\u0119\u017ceniem jej fala uderzy o brzeg, kt\u00f3rym jest Twoje dziecko, m\u0105\u017c\/\u017cona, podw\u0142adny w pracy\u2026 ?<\/li>\n<li>Nie wiesz co robi\u0107, by umie\u0107 harmonizowa\u0107 t\u0119 wa\u017cn\u0105 przestrze\u0144 w funkcjonowaniu z samym sob\u0105 i innymi lud\u017ami.<\/li>\n<li>A mo\u017ce masz wra\u017cenie, \u017ce momentami Twoje emocje dopadaj\u0105 Ci\u0119 z zaskoczenia i kieruj\u0105 Twoimi decyzjami oraz zachowaniami?<\/li>\n<li>Mo\u017ce by\u0107 i tak, \u017ce boisz si\u0119 kumulowanej przez lata z\u0142o\u015bci i masz poczucie, \u017ce kt\u00f3rego\u015b dnia mo\u017cesz nie wytrzyma\u0107 napi\u0119cia, kt\u00f3re Ci w zwi\u0105zku z tym towarzyszy?<\/li>\n<li>Chcia\u0142by\u015b\/\u0142aby\u015b poznac konkretne praktyki oswajania emocji?<\/li>\n<\/ul>\n<p><!-- \/wp:list --><\/p>\n<h5>W takim razie zapraszam Ci\u0119 na wyj\u0105tkowe szkolenie:<\/h5>\n<p><!-- wp:heading {\"level\":3} --><\/p>\n<p><!-- \/wp:separator --><!-- wp:wpforms\/form-selector {\"formId\":\"126\",\"displayTitle\":true} \/--><\/p><\/div>\n\t\t\t\t<\/div>\n\t\t\t\t<\/div>\n\t\t\t\t<div class=\"elementor-element elementor-element-b64027c elementor-widget elementor-widget-heading\" data-id=\"b64027c\" data-element_type=\"widget\" data-widget_type=\"heading.default\">\n\t\t\t\t<div class=\"elementor-widget-container\">\n\t\t\t<h2 class=\"elementor-heading-title elementor-size-default\">EMOCJE OSWOJONE<\/h2>\t\t<\/div>\n\t\t\t\t<\/div>\n\t\t\t\t<div class=\"elementor-element elementor-element-c11329f elementor-widget elementor-widget-text-editor\" data-id=\"c11329f\" data-element_type=\"widget\" data-widget_type=\"text-editor.default\">\n\t\t\t\t<div class=\"elementor-widget-container\">\n\t\t\t\t\t<div class=\"elementor-text-editor elementor-clearfix\"><p>\u2013 Przedstawi\u0119 Ci czterostopniowy proces powstawania emocji, dzi\u0119ki kt\u00f3remu zobaczysz, \u017ce nie jeste\u015b wobec nich bezradny.<\/p>\n<p>\u2013 Otrzymasz mn\u00f3stwo, konkretnych narz\u0119dzi, dzi\u0119ki kt\u00f3rym b\u0119dziesz mia\u0142\/a wp\u0142yw na swoje reakcje i og\u00f3lne, emocjonalne funkcjonowanie.\u00a0<\/p>\n<p>\u2013 Uka\u017c\u0119 Ci wag\u0119 naszych emocji, sk\u0105d si\u0119 bior\u0105, po co s\u0105 i dlaczego maj\u0105 tak ogromny wp\u0142yw na nasze funkcjonowanie.<\/p>\n<p>\u2013 Dowiesz si\u0119 czym w istocie jest Inteligencja Emocjonalna i dlaczego jest ona uznawana za najwa\u017cniejsz\u0105 kompetencj\u0119 XXI wieku?<\/p>\n<p>\u2013 Jak wielu wcze\u015bniejszych uczestnik\u00f3w tego szkolenia, otrzymasz szans\u0119 na pe\u0142ne oswojenie si\u0119 ze swoj\u0105 emocjonalno\u015bci\u0105.<\/p>\n<p>\u2013 Naucz\u0119 Ci\u0119 w jaki spos\u00f3b wsp\u00f3\u0142pracowa\u0107 z t\u0105 jak\u017ce wa\u017cn\u0105 przestrzeni\u0105 w naszej codzienno\u015bci.<\/p>\n<p>\u2013 Zrozumiesz jakie konsekwencje niesie ze sob\u0105 t\u0142umienie emocji.<\/p>\n<p><!-- \/wp:paragraph --><!-- wp:paragraph --> <!-- \/wp:paragraph --><!-- wp:paragraph --> <!-- \/wp:paragraph --><!-- wp:paragraph --> <!-- \/wp:paragraph --><!-- wp:paragraph --> <!-- \/wp:paragraph --><!-- wp:paragraph --> <!-- \/wp:paragraph --><!-- wp:paragraph --> <!-- \/wp:paragraph --><!-- wp:paragraph --><\/p>\n<p>Zaprosz\u0119 Cie do zupe\u0142nie nowej rzeczywisto\u015bci, w kt\u00f3rej wejdziesz w \u017cyczliwy dialog z tym, co i jak prze\u017cywasz w sferze swej emocjonalno\u015bci.\u00a0\u00a0<\/p><\/div>\n\t\t\t\t<\/div>\n\t\t\t\t<\/div>\n\t\t\t\t\t\t<\/div>\n\t\t\t\t\t<\/div>\n\t\t<\/div>\n\t\t\t\t\t\t\t\t<\/div>\n\t\t\t\t\t<\/div>\n\t\t<\/section>\n\t\t\t\t\t\t<\/div>\n\t\t\t\t\t\t<\/div>\n\t\t\t\t\t<\/div>\n\t\t","protected":false},"excerpt":{"rendered":"<p>Chcia\u0142by\u015b\/\u0142aby\u015b mie\u0107 poczucie, \u017ce Twoje emocje s\u0105 dla Ciebie wspieraj\u0105c\u0105 przestrzeni\u0105? Czujesz si\u0119 momentami zadziwiony\/na swoj\u0105 reakcj\u0105 na sytuacje, kt\u00f3re Ci si\u0119 przydarzaj\u0105, a emocje, kt\u00f3re Ci w\u00f3wczas towarzysz\u0105 s\u0105 zbyt trudne, by m\u00f3c je zaakceptowa\u0107? Planujesz nie zareagowa\u0107 w ten sam spos\u00f3b, w bardzo konkretnej sytuacji,\u00a0 ale to si\u0119 nie udaje i znowu wpadasz w pu\u0142apk\u0119: zdarzenie-reakcja-poczucie winy? \u00a0By\u0107 mo\u017ce Twoja emocjonalno\u015b\u0107 jawi Ci si\u0119 niczym nieokie\u0142znana rzeka i bywa, \u017ce nie wiesz z jakim nat\u0119\u017ceniem jej fala uderzy o brzeg, kt\u00f3rym jest Twoje dziecko, m\u0105\u017c\/\u017cona, podw\u0142adny w pracy\u2026 ? Nie wiesz co robi\u0107, by umie\u0107 harmonizowa\u0107 t\u0119 wa\u017cn\u0105 przestrze\u0144 w funkcjonowaniu z samym sob\u0105 i innymi lud\u017ami. A mo\u017ce masz wra\u017cenie, \u017ce momentami Twoje emocje dopadaj\u0105 Ci\u0119 z zaskoczenia i kieruj\u0105 Twoimi decyzjami oraz zachowaniami? Mo\u017ce by\u0107 i tak, \u017ce boisz si\u0119 kumulowanej przez lata z\u0142o\u015bci i masz poczucie, \u017ce kt\u00f3rego\u015b dnia mo\u017cesz nie wytrzyma\u0107 napi\u0119cia, kt\u00f3re Ci w zwi\u0105zku z tym towarzyszy? Chcia\u0142by\u015b\/\u0142aby\u015b poznac konkretne praktyki oswajania emocji? W takim razie zapraszam Ci\u0119 na wyj\u0105tkowe szkolenie: EMOCJE OSWOJONE \u2013 Przedstawi\u0119 Ci czterostopniowy proces powstawania emocji, dzi\u0119ki kt\u00f3remu zobaczysz, \u017ce nie jeste\u015b wobec nich bezradny. \u2013 Otrzymasz mn\u00f3stwo, konkretnych narz\u0119dzi, dzi\u0119ki kt\u00f3rym b\u0119dziesz mia\u0142\/a wp\u0142yw na swoje reakcje i og\u00f3lne, emocjonalne funkcjonowanie.&nbsp; \u2013 Uka\u017c\u0119 Ci wag\u0119 naszych emocji, sk\u0105d si\u0119 bior\u0105, po co s\u0105 i dlaczego maj\u0105 tak ogromny wp\u0142yw na nasze funkcjonowanie. \u2013 Dowiesz si\u0119 czym w istocie jest Inteligencja Emocjonalna i dlaczego jest ona uznawana za najwa\u017cniejsz\u0105 kompetencj\u0119 XXI wieku? \u2013 Jak wielu wcze\u015bniejszych uczestnik\u00f3w tego szkolenia, otrzymasz szans\u0119 na pe\u0142ne oswojenie si\u0119 ze swoj\u0105 emocjonalno\u015bci\u0105. \u2013 Naucz\u0119 Ci\u0119 w jaki spos\u00f3b wsp\u00f3\u0142pracowa\u0107 z t\u0105 jak\u017ce wa\u017cn\u0105 przestrzeni\u0105 w naszej codzienno\u015bci. \u2013 Zrozumiesz jakie konsekwencje niesie ze sob\u0105 t\u0142umienie emocji. Zaprosz\u0119 Cie do zupe\u0142nie nowej rzeczywisto\u015bci, w kt\u00f3rej wejdziesz w \u017cyczliwy dialog z tym, co i jak prze\u017cywasz w sferze swej emocjonalno\u015bci.&nbsp;&nbsp;<\/p>\n","protected":false},"author":1,"featured_media":0,"parent":133,"menu_order":0,"comment_status":"closed","ping_status":"closed","template":"","meta":[],"_links":{"self":[{"href":"https:\/\/www.pasjarozwoju.pl\/index.php\/wp-json\/wp\/v2\/pages\/34"}],"collection":[{"href":"https:\/\/www.pasjarozwoju.pl\/index.php\/wp-json\/wp\/v2\/pages"}],"about":[{"href":"https:\/\/www.pasjarozwoju.pl\/index.php\/wp-json\/wp\/v2\/types\/page"}],"author":[{"embeddable":true,"href":"https:\/\/www.pasjarozwoju.pl\/index.php\/wp-json\/wp\/v2\/users\/1"}],"replies":[{"embeddable":true,"href":"https:\/\/www.pasjarozwoju.pl\/index.php\/wp-json\/wp\/v2\/comments?post=34"}],"version-history":[{"count":16,"href":"https:\/\/www.pasjarozwoju.pl\/index.php\/wp-json\/wp\/v2\/pages\/34\/revisions"}],"predecessor-version":[{"id":482,"href":"https:\/\/www.pasjarozwoju.pl\/index.php\/wp-json\/wp\/v2\/pages\/34\/revisions\/482"}],"up":[{"embeddable":true,"href":"https:\/\/www.pasjarozwoju.pl\/index.php\/wp-json\/wp\/v2\/pages\/133"}],"wp:attachment":[{"href":"https:\/\/www.pasjarozwoju.pl\/index.php\/wp-json\/wp\/v2\/media?parent=34"}],"curies":[{"name":"wp","href":"https:\/\/api.w.org\/{rel}","templated":true}]}}