{"id":42,"date":"2020-05-08T07:06:48","date_gmt":"2020-05-08T07:06:48","guid":{"rendered":"http:\/\/www.pasjarozwoju.pl\/?page_id=42"},"modified":"2020-05-21T12:43:14","modified_gmt":"2020-05-21T12:43:14","slug":"asertywnosc-czyli-jak-budowac-poczucie-niezaleznosci-w-pogladach-i-wyborach-zyciowych","status":"publish","type":"page","link":"https:\/\/www.pasjarozwoju.pl\/index.php\/szkolenia-i-warsztaty\/asertywnosc-czyli-jak-budowac-poczucie-niezaleznosci-w-pogladach-i-wyborach-zyciowych\/","title":{"rendered":""},"content":{"rendered":"\t\t<div data-elementor-type=\"wp-page\" data-elementor-id=\"42\" class=\"elementor elementor-42\" data-elementor-settings=\"[]\">\n\t\t\t\t\t\t<div class=\"elementor-inner\">\n\t\t\t\t\t\t\t<div class=\"elementor-section-wrap\">\n\t\t\t\t\t\t\t<section class=\"elementor-section elementor-top-section elementor-element elementor-element-854f436 elementor-section-boxed elementor-section-height-default elementor-section-height-default\" data-id=\"854f436\" data-element_type=\"section\">\n\t\t\t\t\t\t<div class=\"elementor-container elementor-column-gap-default\">\n\t\t\t\t\t\t\t<div class=\"elementor-row\">\n\t\t\t\t\t<div class=\"elementor-column elementor-col-100 elementor-top-column elementor-element elementor-element-c2a1ab6\" data-id=\"c2a1ab6\" data-element_type=\"column\">\n\t\t\t<div class=\"elementor-column-wrap elementor-element-populated\">\n\t\t\t\t\t\t\t<div class=\"elementor-widget-wrap\">\n\t\t\t\t\t\t<div class=\"elementor-element elementor-element-b26f93e elementor-widget elementor-widget-text-editor\" data-id=\"b26f93e\" data-element_type=\"widget\" data-widget_type=\"text-editor.default\">\n\t\t\t\t<div class=\"elementor-widget-container\">\n\t\t\t\t\t<div class=\"elementor-text-editor elementor-clearfix\"><ul><li>Zastanawiasz si\u0119 czasami czy w og\u00f3le masz prawo wypowiada\u0107 swoje zdanie?<\/li><li>My\u015blisz mo\u017ce, \u017ce nie warto dzieli\u0107 si\u0119 swoimi opiniami czy pogl\u0105dami, bo narazisz si\u0119 na sprzeciw lub kpin\u0119?<\/li><li>Towarzyszy Ci przekonanie, \u017ce nikt tak naprawd\u0119 Ci\u0119 nie zna, skoro nie wyra\u017casz swoich pogl\u0105d\u00f3w wprost?<\/li><li>Masz potrzeb\u0119 przedstawi\u0107 siebie w ko\u0144cu tak, by inni nie mieli z\u0142udze\u0144, jakie s\u0105 Twoje wybory i decyzje?<\/li><li>By\u0107 mo\u017ce, ju\u017c kilkukrotnie sformu\u0142owa\u0142e\u015b\/a\u015b sw\u00f3j s\u0105d tak, \u017ce nie m\u00f3g\u0142 by\u0107 dobrze przyj\u0119ty?<\/li><li>Patrzysz z podziwem na ludzi, kt\u00f3rzy w jasny spos\u00f3b komunikuj\u0105 swoje potrzeby, my\u015bli, plany, czy pogl\u0105dy polityczne, bez wzgl\u0119du na to, czy s\u0105 one akceptowane przez innych?<\/li><li>Chcia\u0142by\u015b\/aby\u015b posi\u0105\u015b\u0107 umiej\u0119tno\u015b\u0107 odmawiania, gdy jeste\u015b proszony\/a o czynno\u015b\u0107, kt\u00f3rej tak naprawd\u0119 nie chcesz, lub nie mo\u017cesz zrobi\u0107?<\/li><li>By\u0107 mo\u017ce zachwyca Ci\u0119, \u017ce inni potrafi\u0105 werbalizowa\u0107 sw\u00f3j sprzeciw.<\/li><li>A mo\u017ce unikasz asertywno\u015bci, gdy\u017c taka postawa kojarzy Ci si\u0119 z brakiem kultury, arogancj\u0105 lub but\u0105?<\/li><li>W g\u0142\u0119bi siebie wiesz, \u017ce asertywno\u015b\u0107 u\u0142atwia \u017cycie, ale nie masz poj\u0119cia, jak j\u0105 praktykowa\u0107 w spos\u00f3b, kt\u00f3ry nie b\u0119dzie rani\u0142 innych?<\/li><li>Asertywno\u015b\u0107 = odrzucenie i brak przyjaci\u00f3\u0142, czy tak w\u0142a\u015bnie my\u015blisz?<\/li><\/ul><\/div>\n\t\t\t\t<\/div>\n\t\t\t\t<\/div>\n\t\t\t\t<div class=\"elementor-element elementor-element-c9125d7 elementor-widget elementor-widget-text-editor\" data-id=\"c9125d7\" data-element_type=\"widget\" data-widget_type=\"text-editor.default\">\n\t\t\t\t<div class=\"elementor-widget-container\">\n\t\t\t\t\t<div class=\"elementor-text-editor elementor-clearfix\"><p><em>Je\u015bli uto\u017csamiasz si\u0119 z kt\u00f3rym\u015b z powy\u017cszych sformu\u0142owa\u0107, to czas by si\u0119 rozprawi\u0107 z obrazem asertywno\u015bci, kt\u00f3ry nie pozwala Ci jej praktykowa\u0107.<\/em><\/p><p><em>To szkolenie jest dla Ciebie <\/em><em>J <\/em><\/p><\/div>\n\t\t\t\t<\/div>\n\t\t\t\t<\/div>\n\t\t\t\t<div class=\"elementor-element elementor-element-6abb782 elementor-widget elementor-widget-heading\" data-id=\"6abb782\" data-element_type=\"widget\" data-widget_type=\"heading.default\">\n\t\t\t\t<div class=\"elementor-widget-container\">\n\t\t\t<h3 class=\"elementor-heading-title elementor-size-default\">ASERTYWNO\u015a\u0106. CZYLI JAK BUDOWA\u0106 POCZUCIE NIEZALE\u017bNO\u015aCI \nW POGL\u0104DACH I WYBORACH \u017bYCIOWYCH.\n\n<\/h3>\t\t<\/div>\n\t\t\t\t<\/div>\n\t\t\t\t\t\t<\/div>\n\t\t\t\t\t<\/div>\n\t\t<\/div>\n\t\t\t\t\t\t\t\t<\/div>\n\t\t\t\t\t<\/div>\n\t\t<\/section>\n\t\t\t\t<section class=\"elementor-section elementor-top-section elementor-element elementor-element-ea262a9 elementor-section-boxed elementor-section-height-default elementor-section-height-default\" data-id=\"ea262a9\" data-element_type=\"section\">\n\t\t\t\t\t\t<div class=\"elementor-container elementor-column-gap-default\">\n\t\t\t\t\t\t\t<div class=\"elementor-row\">\n\t\t\t\t\t<div class=\"elementor-column elementor-col-100 elementor-top-column elementor-element elementor-element-44d7f38\" data-id=\"44d7f38\" data-element_type=\"column\">\n\t\t\t<div class=\"elementor-column-wrap elementor-element-populated\">\n\t\t\t\t\t\t\t<div class=\"elementor-widget-wrap\">\n\t\t\t\t\t\t<div class=\"elementor-element elementor-element-40efd3d elementor-widget elementor-widget-text-editor\" data-id=\"40efd3d\" data-element_type=\"widget\" data-widget_type=\"text-editor.default\">\n\t\t\t\t<div class=\"elementor-widget-container\">\n\t\t\t\t\t<div class=\"elementor-text-editor elementor-clearfix\"><ul><li>Rozprawimy si\u0119 z mitami na temat asertywno\u015bci, kt\u00f3re tkwi\u0105 w naszych g\u0142owach, nie pozwalaj\u0105c korzysta\u0107 z dobrodziejstw, jakie niesie ze sob\u0105 ta postawa.<\/li><li>Przekonasz si\u0119, \u017ce asertywno\u015b\u0107 jest wyrazem mi\u0142o\u015bci do siebie i drugiego cz\u0142owieka.<\/li><li>Zobaczysz czym jest postawa prawdziwie asertywna.<\/li><li>Nauczysz si\u0119 komunikowa\u0107 swoje potrzeby i opinie w spos\u00f3b niezale\u017cny od oceny drugiej osoby, jednocze\u015bnie nie trac\u0105c z ni\u0105 dobrej relacji.<\/li><li>Dowiesz si\u0119 w jaki spos\u00f3b nale\u017cy wyra\u017ca\u0107 sprzeciw, gdy kto\u015b prosi Ci\u0119 o przys\u0142ug\u0119, kt\u00f3rej ni e chcesz lub nie mo\u017cesz wykona\u0107.<\/li><li>Naucz\u0119 Ci\u0119 reagowa\u0107 na zachowania os\u00f3b, kt\u00f3re w natarczywy spos\u00f3b, pr\u00f3buj\u0105 wywrze\u0107 na Tobie presj\u0119.<\/li><li>Poznasz przyk\u0142ady zachowa\u0144 oraz wyra\u017ce\u0144 werbalnych, kt\u00f3re nie s\u0105 wyrazem asertywno\u015bci oraz te, kt\u00f3re \u015bwiadcz\u0105 o zdobyciu tej, niezwykle po\u017c\u0105danej dzisiaj umiej\u0119tno\u015bci.<\/li><\/ul><p>\u00a0<\/p><p>Poznasz prawd\u0119 o wadze zdrowego egoizmu dla dobrych relacji z samym sob\u0105 oraz z drugim cz\u0142owiekiem. <\/p><\/div>\n\t\t\t\t<\/div>\n\t\t\t\t<\/div>\n\t\t\t\t\t\t<\/div>\n\t\t\t\t\t<\/div>\n\t\t<\/div>\n\t\t\t\t\t\t\t\t<\/div>\n\t\t\t\t\t<\/div>\n\t\t<\/section>\n\t\t\t\t<section class=\"elementor-section elementor-top-section elementor-element elementor-element-31c336a elementor-section-boxed elementor-section-height-default elementor-section-height-default\" data-id=\"31c336a\" data-element_type=\"section\">\n\t\t\t\t\t\t<div class=\"elementor-container elementor-column-gap-default\">\n\t\t\t\t\t\t\t<div class=\"elementor-row\">\n\t\t\t\t\t<div class=\"elementor-column elementor-col-100 elementor-top-column elementor-element elementor-element-979a256\" data-id=\"979a256\" data-element_type=\"column\">\n\t\t\t<div class=\"elementor-column-wrap elementor-element-populated\">\n\t\t\t\t\t\t\t<div class=\"elementor-widget-wrap\">\n\t\t\t\t\t\t<div class=\"elementor-element elementor-element-1f981fd elementor-widget elementor-widget-wp-widget-wpforms-widget\" data-id=\"1f981fd\" data-element_type=\"widget\" data-widget_type=\"wp-widget-wpforms-widget.default\">\n\t\t\t\t<div class=\"elementor-widget-container\">\n\t\t\t<div class=\"wpforms-container wpforms-container-full\" id=\"wpforms-126\"><form id=\"wpforms-form-126\" class=\"wpforms-validate wpforms-form\" data-formid=\"126\" method=\"post\" enctype=\"multipart\/form-data\" action=\"\/index.php\/wp-json\/wp\/v2\/pages\/42\" data-token=\"2a99e48863a59225c4e479bcf0e6a108\"><div class=\"wpforms-head-container\"><div class=\"wpforms-title\">Zapytaj o szkolenie<\/div><\/div><noscript class=\"wpforms-error-noscript\">Please enable JavaScript in your browser to complete this form.<\/noscript><div class=\"wpforms-field-container\"><div id=\"wpforms-126-field_0-container\" class=\"wpforms-field wpforms-field-name\" data-field-id=\"0\"><label class=\"wpforms-field-label\" for=\"wpforms-126-field_0\">Imi\u0119 i nazwisko <span class=\"wpforms-required-label\">*<\/span><\/label><input type=\"text\" id=\"wpforms-126-field_0\" class=\"wpforms-field-medium wpforms-field-required\" name=\"wpforms[fields][0]\" required><\/div><div id=\"wpforms-126-field_1-container\" class=\"wpforms-field wpforms-field-email\" data-field-id=\"1\"><label class=\"wpforms-field-label\" for=\"wpforms-126-field_1\">Email <span class=\"wpforms-required-label\">*<\/span><\/label><input type=\"email\" id=\"wpforms-126-field_1\" class=\"wpforms-field-medium wpforms-field-required\" name=\"wpforms[fields][1]\" required><\/div><div id=\"wpforms-126-field_2-container\" class=\"wpforms-field wpforms-field-textarea\" data-field-id=\"2\"><label class=\"wpforms-field-label\" for=\"wpforms-126-field_2\">Wiadomo\u015b\u0107 <span class=\"wpforms-required-label\">*<\/span><\/label><textarea id=\"wpforms-126-field_2\" class=\"wpforms-field-medium wpforms-field-required\" name=\"wpforms[fields][2]\" required><\/textarea><\/div><\/div><div class=\"wpforms-field wpforms-field-hp\"><label for=\"wpforms-126-field-hp\" class=\"wpforms-field-label\">Website<\/label><input type=\"text\" name=\"wpforms[hp]\" id=\"wpforms-126-field-hp\" class=\"wpforms-field-medium\"><\/div><div class=\"wpforms-submit-container\" ><input type=\"hidden\" name=\"wpforms[id]\" value=\"126\"><input type=\"hidden\" name=\"wpforms[author]\" value=\"1\"><button type=\"submit\" name=\"wpforms[submit]\" class=\"wpforms-submit \" id=\"wpforms-submit-126\" value=\"wpforms-submit\" aria-live=\"assertive\" data-alt-text=\"Wysy\u0142anie...\" data-submit-text=\"Wy\u015blij\">Wy\u015blij<\/button><\/div><\/form><\/div>  <!-- .wpforms-container -->\t\t<\/div>\n\t\t\t\t<\/div>\n\t\t\t\t\t\t<\/div>\n\t\t\t\t\t<\/div>\n\t\t<\/div>\n\t\t\t\t\t\t\t\t<\/div>\n\t\t\t\t\t<\/div>\n\t\t<\/section>\n\t\t\t\t\t\t<\/div>\n\t\t\t\t\t\t<\/div>\n\t\t\t\t\t<\/div>\n\t\t","protected":false},"excerpt":{"rendered":"<p>Zastanawiasz si\u0119 czasami czy w og\u00f3le masz prawo wypowiada\u0107 swoje zdanie? My\u015blisz mo\u017ce, \u017ce nie warto dzieli\u0107 si\u0119 swoimi opiniami czy pogl\u0105dami, bo narazisz si\u0119 na sprzeciw lub kpin\u0119? Towarzyszy Ci przekonanie, \u017ce nikt tak naprawd\u0119 Ci\u0119 nie zna, skoro nie wyra\u017casz swoich pogl\u0105d\u00f3w wprost? Masz potrzeb\u0119 przedstawi\u0107 siebie w ko\u0144cu tak, by inni nie mieli z\u0142udze\u0144, jakie s\u0105 Twoje wybory i decyzje? By\u0107 mo\u017ce, ju\u017c kilkukrotnie sformu\u0142owa\u0142e\u015b\/a\u015b sw\u00f3j s\u0105d tak, \u017ce nie m\u00f3g\u0142 by\u0107 dobrze przyj\u0119ty? Patrzysz z podziwem na ludzi, kt\u00f3rzy w jasny spos\u00f3b komunikuj\u0105 swoje potrzeby, my\u015bli, plany, czy pogl\u0105dy polityczne, bez wzgl\u0119du na to, czy s\u0105 one akceptowane przez innych? Chcia\u0142by\u015b\/aby\u015b posi\u0105\u015b\u0107 umiej\u0119tno\u015b\u0107 odmawiania, gdy jeste\u015b proszony\/a o czynno\u015b\u0107, kt\u00f3rej tak naprawd\u0119 nie chcesz, lub nie mo\u017cesz zrobi\u0107? By\u0107 mo\u017ce zachwyca Ci\u0119, \u017ce inni potrafi\u0105 werbalizowa\u0107 sw\u00f3j sprzeciw. A mo\u017ce unikasz asertywno\u015bci, gdy\u017c taka postawa kojarzy Ci si\u0119 z brakiem kultury, arogancj\u0105 lub but\u0105? W g\u0142\u0119bi siebie wiesz, \u017ce asertywno\u015b\u0107 u\u0142atwia \u017cycie, ale nie masz poj\u0119cia, jak j\u0105 praktykowa\u0107 w spos\u00f3b, kt\u00f3ry nie b\u0119dzie rani\u0142 innych? Asertywno\u015b\u0107 = odrzucenie i brak przyjaci\u00f3\u0142, czy tak w\u0142a\u015bnie my\u015blisz? Je\u015bli uto\u017csamiasz si\u0119 z kt\u00f3rym\u015b z powy\u017cszych sformu\u0142owa\u0107, to czas by si\u0119 rozprawi\u0107 z obrazem asertywno\u015bci, kt\u00f3ry nie pozwala Ci jej praktykowa\u0107. To szkolenie jest dla Ciebie J ASERTYWNO\u015a\u0106. CZYLI JAK BUDOWA\u0106 POCZUCIE NIEZALE\u017bNO\u015aCI W POGL\u0104DACH I WYBORACH \u017bYCIOWYCH. Rozprawimy si\u0119 z mitami na temat asertywno\u015bci, kt\u00f3re tkwi\u0105 w naszych g\u0142owach, nie pozwalaj\u0105c korzysta\u0107 z dobrodziejstw, jakie niesie ze sob\u0105 ta postawa. Przekonasz si\u0119, \u017ce asertywno\u015b\u0107 jest wyrazem mi\u0142o\u015bci do siebie i drugiego cz\u0142owieka. Zobaczysz czym jest postawa prawdziwie asertywna. Nauczysz si\u0119 komunikowa\u0107 swoje potrzeby i opinie w spos\u00f3b niezale\u017cny od oceny drugiej osoby, jednocze\u015bnie nie trac\u0105c z ni\u0105 dobrej relacji. Dowiesz si\u0119 w jaki spos\u00f3b nale\u017cy wyra\u017ca\u0107 sprzeciw, gdy kto\u015b prosi Ci\u0119 o przys\u0142ug\u0119, kt\u00f3rej ni e chcesz lub nie mo\u017cesz wykona\u0107. Naucz\u0119 Ci\u0119 reagowa\u0107 na zachowania os\u00f3b, kt\u00f3re w natarczywy spos\u00f3b, pr\u00f3buj\u0105 wywrze\u0107 na Tobie presj\u0119. Poznasz przyk\u0142ady zachowa\u0144 oraz wyra\u017ce\u0144 werbalnych, kt\u00f3re nie s\u0105 wyrazem asertywno\u015bci oraz te, kt\u00f3re \u015bwiadcz\u0105 o zdobyciu tej, niezwykle po\u017c\u0105danej dzisiaj umiej\u0119tno\u015bci. Poznasz prawd\u0119 o wadze zdrowego egoizmu dla dobrych relacji z samym sob\u0105 oraz z drugim cz\u0142owiekiem.<\/p>\n","protected":false},"author":1,"featured_media":0,"parent":133,"menu_order":0,"comment_status":"closed","ping_status":"closed","template":"","meta":[],"_links":{"self":[{"href":"https:\/\/www.pasjarozwoju.pl\/index.php\/wp-json\/wp\/v2\/pages\/42"}],"collection":[{"href":"https:\/\/www.pasjarozwoju.pl\/index.php\/wp-json\/wp\/v2\/pages"}],"about":[{"href":"https:\/\/www.pasjarozwoju.pl\/index.php\/wp-json\/wp\/v2\/types\/page"}],"author":[{"embeddable":true,"href":"https:\/\/www.pasjarozwoju.pl\/index.php\/wp-json\/wp\/v2\/users\/1"}],"replies":[{"embeddable":true,"href":"https:\/\/www.pasjarozwoju.pl\/index.php\/wp-json\/wp\/v2\/comments?post=42"}],"version-history":[{"count":6,"href":"https:\/\/www.pasjarozwoju.pl\/index.php\/wp-json\/wp\/v2\/pages\/42\/revisions"}],"predecessor-version":[{"id":549,"href":"https:\/\/www.pasjarozwoju.pl\/index.php\/wp-json\/wp\/v2\/pages\/42\/revisions\/549"}],"up":[{"embeddable":true,"href":"https:\/\/www.pasjarozwoju.pl\/index.php\/wp-json\/wp\/v2\/pages\/133"}],"wp:attachment":[{"href":"https:\/\/www.pasjarozwoju.pl\/index.php\/wp-json\/wp\/v2\/media?parent=42"}],"curies":[{"name":"wp","href":"https:\/\/api.w.org\/{rel}","templated":true}]}}